{"id":24308,"date":"2025-01-09T16:30:35","date_gmt":"2025-01-09T19:30:35","guid":{"rendered":"https:\/\/brasilsimulatormods.com\/?page_id=24308"},"modified":"2025-01-09T16:43:21","modified_gmt":"2025-01-09T19:43:21","slug":"sitio-heredado","status":"publish","type":"page","link":"https:\/\/brasilsimulatormods.com\/es\/sitio-heredado\/","title":{"rendered":"Sitio web del legado"},"content":{"rendered":"<div data-elementor-type=\"wp-page\" data-elementor-id=\"24308\" class=\"elementor elementor-24308\" data-elementor-post-type=\"page\">\n\t\t\t\t\t\t<section class=\"elementor-section elementor-top-section elementor-element elementor-element-650c7ca6 vehica-404 elementor-section-boxed elementor-section-height-default elementor-section-height-default\" data-id=\"650c7ca6\" data-element_type=\"section\" data-e-type=\"section\">\n\t\t\t\t\t\t<div class=\"elementor-container elementor-column-gap-default\">\n\t\t\t\t\t<div class=\"elementor-column elementor-col-100 elementor-top-column elementor-element elementor-element-64666b6a\" data-id=\"64666b6a\" data-element_type=\"column\" data-e-type=\"column\">\n\t\t\t<div class=\"elementor-widget-wrap elementor-element-populated\">\n\t\t\t\t\t\t<div class=\"elementor-element elementor-element-3506c2c4 elementor-widget elementor-widget-spacer\" data-id=\"3506c2c4\" data-element_type=\"widget\" data-e-type=\"widget\" data-widget_type=\"spacer.default\">\n\t\t\t\t\t\t\t<div class=\"elementor-spacer\">\n\t\t\t<div class=\"elementor-spacer-inner\"><\/div>\n\t\t<\/div>\n\t\t\t\t\t\t<\/div>\n\t\t\t\t<div class=\"elementor-element elementor-element-364f1c21 elementor-widget elementor-widget-heading\" data-id=\"364f1c21\" data-element_type=\"widget\" data-e-type=\"widget\" data-widget_type=\"heading.default\">\n\t\t\t\t\t<h1 class=\"elementor-heading-title elementor-size-default\">\u00a1Bienvenido al nuevo BSM!<\/h1>\t\t\t\t<\/div>\n\t\t\t\t<div class=\"elementor-element elementor-element-11dfe77b elementor-widget elementor-widget-spacer\" data-id=\"11dfe77b\" data-element_type=\"widget\" data-e-type=\"widget\" data-widget_type=\"spacer.default\">\n\t\t\t\t\t\t\t<div class=\"elementor-spacer\">\n\t\t\t<div class=\"elementor-spacer-inner\"><\/div>\n\t\t<\/div>\n\t\t\t\t\t\t<\/div>\n\t\t\t\t<div class=\"elementor-element elementor-element-06d83e8 elementor-widget elementor-widget-heading\" data-id=\"06d83e8\" data-element_type=\"widget\" data-e-type=\"widget\" data-widget_type=\"heading.default\">\n\t\t\t\t\t<h1 class=\"elementor-heading-title elementor-size-default\">Hemos preparado un nuevo sitio 100% para ti al que puedes acceder aqu\u00ed, pero todav\u00eda estamos migrando el contenido del sitio anterior, as\u00ed que si quieres acceder al antiguo BSM, \u00a1haz clic en el bot\u00f3n de abajo!<\/h1>\t\t\t\t<\/div>\n\t\t\t\t<div class=\"elementor-element elementor-element-353c683b elementor-widget elementor-widget-spacer\" data-id=\"353c683b\" data-element_type=\"widget\" data-e-type=\"widget\" data-widget_type=\"spacer.default\">\n\t\t\t\t\t\t\t<div class=\"elementor-spacer\">\n\t\t\t<div class=\"elementor-spacer-inner\"><\/div>\n\t\t<\/div>\n\t\t\t\t\t\t<\/div>\n\t\t\t\t<div class=\"elementor-element elementor-element-13aef2d0 elementor-align-center elementor-mobile-align-justify elementor-widget elementor-widget-button\" data-id=\"13aef2d0\" data-element_type=\"widget\" data-e-type=\"widget\" data-widget_type=\"button.default\">\n\t\t\t\t\t\t\t\t\t\t<a class=\"elementor-button elementor-button-link elementor-size-sm\" href=\"http:\/\/legacy.brasilsimulatormods.com\">\n\t\t\t\t\t\t<span class=\"elementor-button-content-wrapper\">\n\t\t\t\t\t\t\t\t\t<span class=\"elementor-button-text\">ACCEDER AL SITIO ANTIGUO<\/span>\n\t\t\t\t\t<\/span>\n\t\t\t\t\t<\/a>\n\t\t\t\t\t\t\t\t<\/div>\n\t\t\t\t<div class=\"elementor-element elementor-element-61cb8b83 elementor-widget elementor-widget-spacer\" data-id=\"61cb8b83\" data-element_type=\"widget\" data-e-type=\"widget\" data-widget_type=\"spacer.default\">\n\t\t\t\t\t\t\t<div class=\"elementor-spacer\">\n\t\t\t<div class=\"elementor-spacer-inner\"><\/div>\n\t\t<\/div>\n\t\t\t\t\t\t<\/div>\n\t\t\t\t\t<\/div>\n\t\t<\/div>\n\t\t\t\t\t<\/div>\n\t\t<\/section>\n\t\t\t\t<\/div>","protected":false},"excerpt":{"rendered":"<p>Bem vindo a nova BSM! Preparamos um site 100% novo para voc\u00eas que pode ser acessado por aqui, por\u00e9m ainda estamos migrando o conte\u00fado do site anterior, caso queira acessar a BSM antiga, clique no bot\u00e3o abaixo! ACESSAR SITE ANTIGO<\/p>","protected":false},"author":1,"featured_media":0,"parent":0,"menu_order":0,"comment_status":"closed","ping_status":"closed","template":"","meta":{"_acf_changed":false,"footnotes":""},"class_list":["post-24308","page","type-page","status-publish","hentry"],"acf":[],"_links":{"self":[{"href":"https:\/\/brasilsimulatormods.com\/es\/wp-json\/wp\/v2\/pages\/24308","targetHints":{"allow":["GET"]}}],"collection":[{"href":"https:\/\/brasilsimulatormods.com\/es\/wp-json\/wp\/v2\/pages"}],"about":[{"href":"https:\/\/brasilsimulatormods.com\/es\/wp-json\/wp\/v2\/types\/page"}],"author":[{"embeddable":true,"href":"https:\/\/brasilsimulatormods.com\/es\/wp-json\/wp\/v2\/users\/1"}],"replies":[{"embeddable":true,"href":"https:\/\/brasilsimulatormods.com\/es\/wp-json\/wp\/v2\/comments?post=24308"}],"version-history":[{"count":0,"href":"https:\/\/brasilsimulatormods.com\/es\/wp-json\/wp\/v2\/pages\/24308\/revisions"}],"wp:attachment":[{"href":"https:\/\/brasilsimulatormods.com\/es\/wp-json\/wp\/v2\/media?parent=24308"}],"curies":[{"name":"wp","href":"https:\/\/api.w.org\/{rel}","templated":true}]}}