{"id":24308,"date":"2025-01-09T16:30:35","date_gmt":"2025-01-09T19:30:35","guid":{"rendered":"https:\/\/brasilsimulatormods.com\/?page_id=24308"},"modified":"2025-01-09T16:43:21","modified_gmt":"2025-01-09T19:43:21","slug":"%d0%bc%d0%b5%d1%81%d1%82%d0%be-%d0%bd%d0%b0%d1%81%d0%bb%d0%b5%d0%b4%d0%b8%d1%8f","status":"publish","type":"page","link":"https:\/\/brasilsimulatormods.com\/ru\/%d0%bc%d0%b5%d1%81%d1%82%d0%be-%d0%bd%d0%b0%d1%81%d0%bb%d0%b5%d0%b4%d0%b8%d1%8f\/","title":{"rendered":"\u0421\u0430\u0439\u0442 \u043d\u0430\u0441\u043b\u0435\u0434\u0438\u044f"},"content":{"rendered":"<div data-elementor-type=\"wp-page\" data-elementor-id=\"24308\" class=\"elementor elementor-24308\" data-elementor-post-type=\"page\">\n\t\t\t\t\t\t<section class=\"elementor-section elementor-top-section elementor-element elementor-element-650c7ca6 vehica-404 elementor-section-boxed elementor-section-height-default elementor-section-height-default\" data-id=\"650c7ca6\" data-element_type=\"section\" data-e-type=\"section\">\n\t\t\t\t\t\t<div class=\"elementor-container elementor-column-gap-default\">\n\t\t\t\t\t<div class=\"elementor-column elementor-col-100 elementor-top-column elementor-element elementor-element-64666b6a\" data-id=\"64666b6a\" data-element_type=\"column\" data-e-type=\"column\">\n\t\t\t<div class=\"elementor-widget-wrap elementor-element-populated\">\n\t\t\t\t\t\t<div class=\"elementor-element elementor-element-3506c2c4 elementor-widget elementor-widget-spacer\" data-id=\"3506c2c4\" data-element_type=\"widget\" data-e-type=\"widget\" data-widget_type=\"spacer.default\">\n\t\t\t\t\t\t\t<div class=\"elementor-spacer\">\n\t\t\t<div class=\"elementor-spacer-inner\"><\/div>\n\t\t<\/div>\n\t\t\t\t\t\t<\/div>\n\t\t\t\t<div class=\"elementor-element elementor-element-364f1c21 elementor-widget elementor-widget-heading\" data-id=\"364f1c21\" data-element_type=\"widget\" data-e-type=\"widget\" data-widget_type=\"heading.default\">\n\t\t\t\t\t<h1 class=\"elementor-heading-title elementor-size-default\">\u0414\u043e\u0431\u0440\u043e \u043f\u043e\u0436\u0430\u043b\u043e\u0432\u0430\u0442\u044c \u0432 \u043d\u043e\u0432\u044b\u0439 BSM!<\/h1>\t\t\t\t<\/div>\n\t\t\t\t<div class=\"elementor-element elementor-element-11dfe77b elementor-widget elementor-widget-spacer\" data-id=\"11dfe77b\" data-element_type=\"widget\" data-e-type=\"widget\" data-widget_type=\"spacer.default\">\n\t\t\t\t\t\t\t<div class=\"elementor-spacer\">\n\t\t\t<div class=\"elementor-spacer-inner\"><\/div>\n\t\t<\/div>\n\t\t\t\t\t\t<\/div>\n\t\t\t\t<div class=\"elementor-element elementor-element-06d83e8 elementor-widget elementor-widget-heading\" data-id=\"06d83e8\" data-element_type=\"widget\" data-e-type=\"widget\" data-widget_type=\"heading.default\">\n\t\t\t\t\t<h1 class=\"elementor-heading-title elementor-size-default\">\u041c\u044b \u043f\u043e\u0434\u0433\u043e\u0442\u043e\u0432\u0438\u043b\u0438 \u0434\u043b\u044f \u0432\u0430\u0441 \u043d\u043e\u0432\u044b\u0439 \u0441\u0430\u0439\u0442 100%, \u0434\u043e\u0441\u0442\u0443\u043f \u043a \u043a\u043e\u0442\u043e\u0440\u043e\u043c\u0443 \u0432\u044b \u043c\u043e\u0436\u0435\u0442\u0435 \u043f\u043e\u043b\u0443\u0447\u0438\u0442\u044c \u0437\u0434\u0435\u0441\u044c, \u043d\u043e \u043c\u044b \u0432\u0441\u0435 \u0435\u0449\u0435 \u043f\u0435\u0440\u0435\u043d\u043e\u0441\u0438\u043c \u0441\u043e\u0434\u0435\u0440\u0436\u0438\u043c\u043e\u0435 \u0441 \u043f\u0440\u0435\u0434\u044b\u0434\u0443\u0449\u0435\u0433\u043e \u0441\u0430\u0439\u0442\u0430, \u043f\u043e\u044d\u0442\u043e\u043c\u0443 \u0435\u0441\u043b\u0438 \u0432\u044b \u0445\u043e\u0442\u0438\u0442\u0435 \u043f\u043e\u043b\u0443\u0447\u0438\u0442\u044c \u0434\u043e\u0441\u0442\u0443\u043f \u043a \u0441\u0442\u0430\u0440\u043e\u043c\u0443 BSM, \u043d\u0430\u0436\u043c\u0438\u0442\u0435 \u043d\u0430 \u043a\u043d\u043e\u043f\u043a\u0443 \u043d\u0438\u0436\u0435!<\/h1>\t\t\t\t<\/div>\n\t\t\t\t<div class=\"elementor-element elementor-element-353c683b elementor-widget elementor-widget-spacer\" data-id=\"353c683b\" data-element_type=\"widget\" data-e-type=\"widget\" data-widget_type=\"spacer.default\">\n\t\t\t\t\t\t\t<div class=\"elementor-spacer\">\n\t\t\t<div class=\"elementor-spacer-inner\"><\/div>\n\t\t<\/div>\n\t\t\t\t\t\t<\/div>\n\t\t\t\t<div class=\"elementor-element elementor-element-13aef2d0 elementor-align-center elementor-mobile-align-justify elementor-widget elementor-widget-button\" data-id=\"13aef2d0\" data-element_type=\"widget\" data-e-type=\"widget\" data-widget_type=\"button.default\">\n\t\t\t\t\t\t\t\t\t\t<a class=\"elementor-button elementor-button-link elementor-size-sm\" href=\"http:\/\/legacy.brasilsimulatormods.com\">\n\t\t\t\t\t\t<span class=\"elementor-button-content-wrapper\">\n\t\t\t\t\t\t\t\t\t<span class=\"elementor-button-text\">\u0414\u041e\u0421\u0422\u0423\u041f \u041a \u0421\u0422\u0410\u0420\u041e\u041c\u0423 \u0421\u0410\u0419\u0422\u0423<\/span>\n\t\t\t\t\t<\/span>\n\t\t\t\t\t<\/a>\n\t\t\t\t\t\t\t\t<\/div>\n\t\t\t\t<div class=\"elementor-element elementor-element-61cb8b83 elementor-widget elementor-widget-spacer\" data-id=\"61cb8b83\" data-element_type=\"widget\" data-e-type=\"widget\" data-widget_type=\"spacer.default\">\n\t\t\t\t\t\t\t<div class=\"elementor-spacer\">\n\t\t\t<div class=\"elementor-spacer-inner\"><\/div>\n\t\t<\/div>\n\t\t\t\t\t\t<\/div>\n\t\t\t\t\t<\/div>\n\t\t<\/div>\n\t\t\t\t\t<\/div>\n\t\t<\/section>\n\t\t\t\t<\/div>","protected":false},"excerpt":{"rendered":"<p>Bem vindo a nova BSM! Preparamos um site 100% novo para voc\u00eas que pode ser acessado por aqui, por\u00e9m ainda estamos migrando o conte\u00fado do site anterior, caso queira acessar a BSM antiga, clique no bot\u00e3o abaixo! ACESSAR SITE ANTIGO<\/p>","protected":false},"author":1,"featured_media":0,"parent":0,"menu_order":0,"comment_status":"closed","ping_status":"closed","template":"","meta":{"_acf_changed":false,"footnotes":""},"class_list":["post-24308","page","type-page","status-publish","hentry"],"acf":[],"_links":{"self":[{"href":"https:\/\/brasilsimulatormods.com\/ru\/wp-json\/wp\/v2\/pages\/24308","targetHints":{"allow":["GET"]}}],"collection":[{"href":"https:\/\/brasilsimulatormods.com\/ru\/wp-json\/wp\/v2\/pages"}],"about":[{"href":"https:\/\/brasilsimulatormods.com\/ru\/wp-json\/wp\/v2\/types\/page"}],"author":[{"embeddable":true,"href":"https:\/\/brasilsimulatormods.com\/ru\/wp-json\/wp\/v2\/users\/1"}],"replies":[{"embeddable":true,"href":"https:\/\/brasilsimulatormods.com\/ru\/wp-json\/wp\/v2\/comments?post=24308"}],"version-history":[{"count":0,"href":"https:\/\/brasilsimulatormods.com\/ru\/wp-json\/wp\/v2\/pages\/24308\/revisions"}],"wp:attachment":[{"href":"https:\/\/brasilsimulatormods.com\/ru\/wp-json\/wp\/v2\/media?parent=24308"}],"curies":[{"name":"wp","href":"https:\/\/api.w.org\/{rel}","templated":true}]}}