{"id":1525,"date":"2019-07-17T13:53:15","date_gmt":"2019-07-17T13:53:15","guid":{"rendered":"http:\/\/mycars.digitalatlas.io\/?page_id=1525"},"modified":"2024-12-25T19:25:37","modified_gmt":"2024-12-25T23:25:37","slug":"contact-us","status":"publish","type":"page","link":"https:\/\/brasilsimulatormods.com\/tr\/contact-us\/","title":{"rendered":"\u0130leti\u015fim"},"content":{"rendered":"<div data-elementor-type=\"wp-post\" data-elementor-id=\"1525\" class=\"elementor elementor-1525\" data-elementor-post-type=\"page\">\n\t\t\t\t\t\t<section class=\"elementor-section elementor-top-section elementor-element elementor-element-fc0979b elementor-section-boxed elementor-section-height-default elementor-section-height-default\" data-id=\"fc0979b\" data-element_type=\"section\" data-e-type=\"section\">\n\t\t\t\t\t\t<div class=\"elementor-container elementor-column-gap-default\">\n\t\t\t\t\t<div class=\"elementor-column elementor-col-100 elementor-top-column elementor-element elementor-element-10be183\" data-id=\"10be183\" data-element_type=\"column\" data-e-type=\"column\">\n\t\t\t<div class=\"elementor-widget-wrap elementor-element-populated\">\n\t\t\t\t\t\t<div class=\"elementor-element elementor-element-43a1c95 elementor-widget elementor-widget-spacer\" data-id=\"43a1c95\" data-element_type=\"widget\" data-e-type=\"widget\" data-widget_type=\"spacer.default\">\n\t\t\t\t\t\t\t<div class=\"elementor-spacer\">\n\t\t\t<div class=\"elementor-spacer-inner\"><\/div>\n\t\t<\/div>\n\t\t\t\t\t\t<\/div>\n\t\t\t\t\t<\/div>\n\t\t<\/div>\n\t\t\t\t\t<\/div>\n\t\t<\/section>\n\t\t\t\t<section class=\"elementor-section elementor-top-section elementor-element elementor-element-6509ce9 elementor-section-boxed elementor-section-height-default elementor-section-height-default\" data-id=\"6509ce9\" data-element_type=\"section\" data-e-type=\"section\">\n\t\t\t\t\t\t<div class=\"elementor-container elementor-column-gap-default\">\n\t\t\t\t\t<div class=\"elementor-column elementor-col-50 elementor-top-column elementor-element elementor-element-951cf7b\" data-id=\"951cf7b\" data-element_type=\"column\" data-e-type=\"column\">\n\t\t\t<div class=\"elementor-widget-wrap elementor-element-populated\">\n\t\t\t\t\t\t<div class=\"elementor-element elementor-element-8de1214 elementor-widget elementor-widget-heading\" data-id=\"8de1214\" data-element_type=\"widget\" data-e-type=\"widget\" data-widget_type=\"heading.default\">\n\t\t\t\t\t<h1 class=\"elementor-heading-title elementor-size-default\">Entre em contato conosco!<\/h1>\t\t\t\t<\/div>\n\t\t\t\t<div class=\"elementor-element elementor-element-0fb9abf elementor-widget elementor-widget-spacer\" data-id=\"0fb9abf\" data-element_type=\"widget\" data-e-type=\"widget\" data-widget_type=\"spacer.default\">\n\t\t\t\t\t\t\t<div class=\"elementor-spacer\">\n\t\t\t<div class=\"elementor-spacer-inner\"><\/div>\n\t\t<\/div>\n\t\t\t\t\t\t<\/div>\n\t\t\t\t<div class=\"elementor-element elementor-element-371b2b4 elementor-widget__width-initial elementor-widget elementor-widget-vehica_short_info_general_widget\" data-id=\"371b2b4\" data-element_type=\"widget\" data-e-type=\"widget\" data-settings=\"{&quot;vehica_short_info_text_align_mobile&quot;:&quot;center&quot;}\" data-widget_type=\"vehica_short_info_general_widget.default\">\n\t\t\t\t<div class=\"elementor-widget-container\">\n\t\t\t\t\t    <div class=\"vehica-short-info\">\n        <div class=\"vehica-short-info__inner\">\n            Sim\u00fclat\u00f6r toplulu\u011funuz!        <\/div>\n    <\/div>\n\t\t\t\t<\/div>\n\t\t\t\t<\/div>\n\t\t\t\t<div class=\"elementor-element elementor-element-abab244 elementor-widget elementor-widget-spacer\" data-id=\"abab244\" data-element_type=\"widget\" data-e-type=\"widget\" data-widget_type=\"spacer.default\">\n\t\t\t\t\t\t\t<div class=\"elementor-spacer\">\n\t\t\t<div class=\"elementor-spacer-inner\"><\/div>\n\t\t<\/div>\n\t\t\t\t\t\t<\/div>\n\t\t\t\t<div class=\"elementor-element elementor-element-19f77d5 elementor-widget elementor-widget-spacer\" data-id=\"19f77d5\" data-element_type=\"widget\" data-e-type=\"widget\" data-widget_type=\"spacer.default\">\n\t\t\t\t\t\t\t<div class=\"elementor-spacer\">\n\t\t\t<div class=\"elementor-spacer-inner\"><\/div>\n\t\t<\/div>\n\t\t\t\t\t\t<\/div>\n\t\t\t\t<div class=\"elementor-element elementor-element-29172f4 elementor-widget elementor-widget-spacer\" data-id=\"29172f4\" data-element_type=\"widget\" data-e-type=\"widget\" data-widget_type=\"spacer.default\">\n\t\t\t\t\t\t\t<div class=\"elementor-spacer\">\n\t\t\t<div class=\"elementor-spacer-inner\"><\/div>\n\t\t<\/div>\n\t\t\t\t\t\t<\/div>\n\t\t\t\t<div class=\"elementor-element elementor-element-92e9f03 elementor-widget elementor-widget-vehica_email_general_widget\" data-id=\"92e9f03\" data-element_type=\"widget\" data-e-type=\"widget\" data-settings=\"{&quot;vehica_email_text_align_mobile&quot;:&quot;center&quot;}\" data-widget_type=\"vehica_email_general_widget.default\">\n\t\t\t\t<div class=\"elementor-widget-container\">\n\t\t\t\t\t    <div class=\"vehica-email\">\n        <a href=\"mailto:contato@brasilsimulatormods.com\">\n                            <i class=\"fa fa-envelope\"><\/i>\n            \n            contato@brasilsimulatormods.com        <\/a>\n    <\/div>\n\t\t\t\t<\/div>\n\t\t\t\t<\/div>\n\t\t\t\t<div class=\"elementor-element elementor-element-eada953 elementor-widget elementor-widget-spacer\" data-id=\"eada953\" data-element_type=\"widget\" data-e-type=\"widget\" data-widget_type=\"spacer.default\">\n\t\t\t\t\t\t\t<div class=\"elementor-spacer\">\n\t\t\t<div class=\"elementor-spacer-inner\"><\/div>\n\t\t<\/div>\n\t\t\t\t\t\t<\/div>\n\t\t\t\t<div class=\"elementor-element elementor-element-c38ea9e vehica-social-profiles-mobile-block elementor-widget elementor-widget-vehica_social_profiles_general_widget\" data-id=\"c38ea9e\" data-element_type=\"widget\" data-e-type=\"widget\" data-settings=\"{&quot;vehica_social_profiles_text_align_mobile&quot;:&quot;center&quot;}\" data-widget_type=\"vehica_social_profiles_general_widget.default\">\n\t\t\t\t<div class=\"elementor-widget-container\">\n\t\t\t\t\t<div class=\"vehica-social-profiles\">\n            <div class=\"vehica-social-profiles__v2\">\n            <div class=\"vehica-social-profiles__v2__inner\">\n                <div class=\"vehica-social-profiles__v2__title\">\n                    Bizi takip edin                <\/div>\n                                    <div class=\"vehica-social-icon\">\n                        <a\n                                href=\"https:\/\/www.facebook.com\/brasilsimulatormods\"\n                                title=\"Facebook\"\n                                target=\"_blank\"\n                        >\n                            <svg xmlns=\"http:\/\/www.w3.org\/2000\/svg\" viewbox=\"0 0 320 512\">\n                                <!--!Font Awesome Free 6.5.1 by @fontawesome - https:\/\/fontawesome.com License - https:\/\/fontawesome.com\/license\/free Copyright 2024 Fonticons, Inc.-->\n                                <path d=\"M80 299.3V512H196V299.3h86.5l18-97.8H196V166.9c0-51.7 20.3-71.5 72.7-71.5c16.3 0 29.4 .4 37 1.2V7.9C291.4 4 256.4 0 236.2 0C129.3 0 80 50.5 80 159.4v42.1H14v97.8H80z\"\/>\n                            <\/svg>\n                        <\/a>\n                    <\/div>\n                \n                                    <div class=\"vehica-social-icon\">\n                        <a\n                                href=\"https:\/\/x.com\/BrasilSimMods\"\n                                title=\"X\"\n                                target=\"_blank\"\n                        >\n                            <svg xmlns=\"http:\/\/www.w3.org\/2000\/svg\" viewbox=\"0 0 512 512\">\n                                <!--!Font Awesome Free 6.5.1 by @fontawesome - https:\/\/fontawesome.com License - https:\/\/fontawesome.com\/license\/free Copyright 2024 Fonticons, Inc.-->\n                                <path d=\"M389.2 48h70.6L305.6 224.2 487 464H345L233.7 318.6 106.5 464H35.8L200.7 275.5 26.8 48H172.4L272.9 180.9 389.2 48zM364.4 421.8h39.1L151.1 88h-42L364.4 421.8z\"\/>\n                            <\/svg>\n                        <\/a>\n                    <\/div>\n                \n                                    <div class=\"vehica-social-icon\">\n                        <a\n                                href=\"https:\/\/instagram.com\/brasilsimulatormods\"\n                                title=\"Instagram\"\n                                target=\"_blank\"\n                        >\n                            <svg xmlns=\"http:\/\/www.w3.org\/2000\/svg\" viewbox=\"0 0 448 512\">\n                                <!--!Font Awesome Free 6.5.1 by @fontawesome - https:\/\/fontawesome.com License - https:\/\/fontawesome.com\/license\/free Copyright 2024 Fonticons, Inc.-->\n                                <path d=\"M224.1 141c-63.6 0-114.9 51.3-114.9 114.9s51.3 114.9 114.9 114.9S339 319.5 339 255.9 287.7 141 224.1 141zm0 189.6c-41.1 0-74.7-33.5-74.7-74.7s33.5-74.7 74.7-74.7 74.7 33.5 74.7 74.7-33.6 74.7-74.7 74.7zm146.4-194.3c0 14.9-12 26.8-26.8 26.8-14.9 0-26.8-12-26.8-26.8s12-26.8 26.8-26.8 26.8 12 26.8 26.8zm76.1 27.2c-1.7-35.9-9.9-67.7-36.2-93.9-26.2-26.2-58-34.4-93.9-36.2-37-2.1-147.9-2.1-184.9 0-35.8 1.7-67.6 9.9-93.9 36.1s-34.4 58-36.2 93.9c-2.1 37-2.1 147.9 0 184.9 1.7 35.9 9.9 67.7 36.2 93.9s58 34.4 93.9 36.2c37 2.1 147.9 2.1 184.9 0 35.9-1.7 67.7-9.9 93.9-36.2 26.2-26.2 34.4-58 36.2-93.9 2.1-37 2.1-147.8 0-184.8zM398.8 388c-7.8 19.6-22.9 34.7-42.6 42.6-29.5 11.7-99.5 9-132.1 9s-102.7 2.6-132.1-9c-19.6-7.8-34.7-22.9-42.6-42.6-11.7-29.5-9-99.5-9-132.1s-2.6-102.7 9-132.1c7.8-19.6 22.9-34.7 42.6-42.6 29.5-11.7 99.5-9 132.1-9s102.7-2.6 132.1 9c19.6 7.8 34.7 22.9 42.6 42.6 11.7 29.5 9 99.5 9 132.1s2.7 102.7-9 132.1z\"\/>\n                            <\/svg>\n                        <\/a>\n                    <\/div>\n                \n                                    <div class=\"vehica-social-icon\">\n                        <a\n                                href=\"https:\/\/www.youtube.com\/@brasilsimulatormods\"\n                                title=\"YouTube\"\n                                target=\"_blank\"\n                        >\n                            <svg xmlns=\"http:\/\/www.w3.org\/2000\/svg\" viewbox=\"0 0 576 512\">\n                                <!--!Font Awesome Free 6.5.1 by @fontawesome - https:\/\/fontawesome.com License - https:\/\/fontawesome.com\/license\/free Copyright 2024 Fonticons, Inc.-->\n                                <path d=\"M549.7 124.1c-6.3-23.7-24.8-42.3-48.3-48.6C458.8 64 288 64 288 64S117.2 64 74.6 75.5c-23.5 6.3-42 24.9-48.3 48.6-11.4 42.9-11.4 132.3-11.4 132.3s0 89.4 11.4 132.3c6.3 23.7 24.8 41.5 48.3 47.8C117.2 448 288 448 288 448s170.8 0 213.4-11.5c23.5-6.3 42-24.2 48.3-47.8 11.4-42.9 11.4-132.3 11.4-132.3s0-89.4-11.4-132.3zm-317.5 213.5V175.2l142.7 81.2-142.7 81.2z\"\/>\n                            <\/svg>\n                        <\/a>\n                    <\/div>\n                \n                \n                                    <div class=\"vehica-social-icon\">\n                        <a\n                                href=\"https:\/\/tiktok.com\/@brasilsimulatormods\"\n                                title=\"TikTok\"\n                                target=\"_blank\"\n                        >\n                            <svg xmlns=\"http:\/\/www.w3.org\/2000\/svg\" viewbox=\"0 0 448 512\">\n                                <!--!Font Awesome Free 6.5.1 by @fontawesome - https:\/\/fontawesome.com License - https:\/\/fontawesome.com\/license\/free Copyright 2024 Fonticons, Inc.-->\n                                <path d=\"M448 209.9a210.1 210.1 0 0 1 -122.8-39.3V349.4A162.6 162.6 0 1 1 185 188.3V278.2a74.6 74.6 0 1 0 52.2 71.2V0l88 0a121.2 121.2 0 0 0 1.9 22.2h0A122.2 122.2 0 0 0 381 102.4a121.4 121.4 0 0 0 67 20.1z\"\/>\n                            <\/svg>\n                        <\/a>\n                    <\/div>\n                \n                                    <div class=\"vehica-social-icon\">\n                        <a\n                                href=\"https:\/\/t.me\/BrasilSimulatorMods\"\n                                title=\"Telegram\"\n                                target=\"_blank\"\n                        >\n                            <svg xmlns=\"http:\/\/www.w3.org\/2000\/svg\" viewbox=\"0 0 496 512\">\n                                <!--!Font Awesome Free 6.5.1 by @fontawesome - https:\/\/fontawesome.com License - https:\/\/fontawesome.com\/license\/free Copyright 2024 Fonticons, Inc.-->\n                                <path d=\"M248 8C111 8 0 119 0 256S111 504 248 504 496 393 496 256 385 8 248 8zM363 176.7c-3.7 39.2-19.9 134.4-28.1 178.3-3.5 18.6-10.3 24.8-16.9 25.4-14.4 1.3-25.3-9.5-39.3-18.7-21.8-14.3-34.2-23.2-55.3-37.2-24.5-16.1-8.6-25 5.3-39.5 3.7-3.8 67.1-61.5 68.3-66.7 .2-.7 .3-3.1-1.2-4.4s-3.6-.8-5.1-.5q-3.3 .7-104.6 69.1-14.8 10.2-26.9 9.9c-8.9-.2-25.9-5-38.6-9.1-15.5-5-27.9-7.7-26.8-16.3q.8-6.7 18.5-13.7 108.4-47.2 144.6-62.3c68.9-28.6 83.2-33.6 92.5-33.8 2.1 0 6.6 .5 9.6 2.9a10.5 10.5 0 0 1 3.5 6.7A43.8 43.8 0 0 1 363 176.7z\"\/>\n                            <\/svg>\n                        <\/a>\n                    <\/div>\n                            <\/div>\n        <\/div>\n    <\/div>\t\t\t\t<\/div>\n\t\t\t\t<\/div>\n\t\t\t\t\t<\/div>\n\t\t<\/div>\n\t\t\t\t<div class=\"elementor-column elementor-col-50 elementor-top-column elementor-element elementor-element-bc08349\" data-id=\"bc08349\" data-element_type=\"column\" data-e-type=\"column\">\n\t\t\t<div class=\"elementor-widget-wrap elementor-element-populated\">\n\t\t\t\t\t\t<section class=\"elementor-section elementor-inner-section elementor-element elementor-element-635b438 vehica-contact-page-form elementor-section-boxed elementor-section-height-default elementor-section-height-default\" data-id=\"635b438\" data-element_type=\"section\" data-e-type=\"section\">\n\t\t\t\t\t\t<div class=\"elementor-container elementor-column-gap-default\">\n\t\t\t\t\t<div class=\"elementor-column elementor-col-100 elementor-inner-column elementor-element elementor-element-a356fcf\" data-id=\"a356fcf\" data-element_type=\"column\" data-e-type=\"column\" data-settings=\"{&quot;background_background&quot;:&quot;classic&quot;}\">\n\t\t\t<div class=\"elementor-widget-wrap elementor-element-populated\">\n\t\t\t\t\t\t<div class=\"elementor-element elementor-element-2a7c406 elementor-widget elementor-widget-vehica_contact_form_general_widget\" data-id=\"2a7c406\" data-element_type=\"widget\" data-e-type=\"widget\" data-widget_type=\"vehica_contact_form_general_widget.default\">\n\t\t\t\t<div class=\"elementor-widget-container\">\n\t\t\t\t\t<div class=\"vehica-contact-form\">\n    \n<div class=\"wpcf7 no-js\" id=\"wpcf7-f18047-o1\" lang=\"en-US\" dir=\"ltr\" data-wpcf7-id=\"18047\">\n<div class=\"screen-reader-response\"><p role=\"status\" aria-live=\"polite\" aria-atomic=\"true\"><\/p> <ul><\/ul><\/div>\n<form action=\"\/tr\/wp-json\/wp\/v2\/pages\/1525#wpcf7-f18047-o1\" method=\"post\" class=\"wpcf7-form init\" aria-label=\"Contact form\" novalidate=\"novalidate\" data-status=\"init\" data-trp-original-action=\"\/tr\/wp-json\/wp\/v2\/pages\/1525#wpcf7-f18047-o1\">\n<fieldset class=\"hidden-fields-container\"><input type=\"hidden\" name=\"_wpcf7\" value=\"18047\" \/><input type=\"hidden\" name=\"_wpcf7_version\" value=\"6.1.5\" \/><input type=\"hidden\" name=\"_wpcf7_locale\" value=\"en_US\" \/><input type=\"hidden\" name=\"_wpcf7_unit_tag\" value=\"wpcf7-f18047-o1\" \/><input type=\"hidden\" name=\"_wpcf7_container_post\" value=\"0\" \/><input type=\"hidden\" name=\"_wpcf7_posted_data_hash\" value=\"\" \/>\n<\/fieldset>\n<div class=\"clearfix\">\n\t<div class=\"vehica-3-fields\">\n\t\t<div class=\"vehica-3-fields__left\">\n\t\t\t<p><span class=\"wpcf7-form-control-wrap\" data-name=\"your-name\"><input size=\"40\" maxlength=\"400\" class=\"wpcf7-form-control wpcf7-text\" aria-invalid=\"false\" placeholder=\"\u0130sim\" value=\"\" type=\"text\" name=\"your-name\" \/><\/span>\n\t\t\t<\/p>\n\t\t<\/div>\n\t\t<div class=\"vehica-3-fields__middle\">\n\t\t\t<p><span class=\"wpcf7-form-control-wrap\" data-name=\"your-email\"><input size=\"40\" maxlength=\"400\" class=\"wpcf7-form-control wpcf7-email wpcf7-validates-as-required wpcf7-text wpcf7-validates-as-email\" aria-required=\"true\" aria-invalid=\"false\" placeholder=\"E-posta*\" value=\"\" type=\"email\" name=\"your-email\" \/><\/span>\n\t\t\t<\/p>\n\t\t<\/div>\n\t\t<div class=\"vehica-3-fields__right\">\n\t\t\t<p><span class=\"wpcf7-form-control-wrap\" data-name=\"your-phone\"><input size=\"40\" maxlength=\"400\" class=\"wpcf7-form-control wpcf7-text\" aria-invalid=\"false\" placeholder=\"Telefon\" value=\"\" type=\"text\" name=\"your-phone\" \/><\/span>\n\t\t\t<\/p>\n\t\t<\/div>\n\t<\/div>\n\t<p><span class=\"wpcf7-form-control-wrap\" data-name=\"your-message\"><textarea cols=\"40\" rows=\"10\" maxlength=\"2000\" class=\"wpcf7-form-control wpcf7-textarea wpcf7-validates-as-required\" aria-required=\"true\" aria-invalid=\"false\" placeholder=\"Mesaj*\" name=\"your-message\"><\/textarea><\/span>\n\t<\/p>\n\t<div class=\"vehica-2-fields\">\n\t\t<div class=\"vehica-2-fields__left vehica-checkbox-policy\">\n\t\t\t<p><span class=\"wpcf7-form-control-wrap\" data-name=\"vehica-accept\"><span class=\"wpcf7-form-control wpcf7-acceptance\"><span class=\"wpcf7-list-item\"><label><input type=\"checkbox\" name=\"vehica-accept\" value=\"1\" aria-invalid=\"false\" \/><span class=\"wpcf7-list-item-label\">Kabul ediyorum. <a href=\"#\">G\u0130ZL\u0130L\u0130K POL\u0130T\u0130KASI<\/a><\/span><\/label><\/span><\/span><\/span>\n\t\t\t<\/p>\n\t\t<\/div>\n\t\t<div class=\"vehica-2-fields__right\">\n\t\t\t<p><button id=\"submit\" class=\"wpcf7-form-control wpcf7-submit vehica-button vehica-button--icon vehica-button--icon--send\">G\u00f6nder<\/button>\n\t\t\t<\/p>\n\t\t<\/div>\n\t<\/div>\n<\/div><p style=\"display: none !important;\" class=\"akismet-fields-container\" data-prefix=\"_wpcf7_ak_\"><label>\u0394<textarea name=\"_wpcf7_ak_hp_textarea\" cols=\"45\" rows=\"8\" maxlength=\"100\"><\/textarea><\/label><input type=\"hidden\" id=\"ak_js_1\" name=\"_wpcf7_ak_js\" value=\"168\"\/><script>document.getElementById( \"ak_js_1\" ).setAttribute( \"value\", ( new Date() ).getTime() );<\/script><\/p><div class=\"wpcf7-response-output\" aria-hidden=\"true\"><\/div>\n<input type=\"hidden\" name=\"trp-form-language\" value=\"tr\"\/><\/form>\n<\/div>\n<\/div>\n\t\t\t\t<\/div>\n\t\t\t\t<\/div>\n\t\t\t\t\t<\/div>\n\t\t<\/div>\n\t\t\t\t\t<\/div>\n\t\t<\/section>\n\t\t\t\t\t<\/div>\n\t\t<\/div>\n\t\t\t\t\t<\/div>\n\t\t<\/section>\n\t\t\t\t<section class=\"elementor-section elementor-top-section elementor-element elementor-element-c84dabf elementor-section-boxed elementor-section-height-default elementor-section-height-default\" data-id=\"c84dabf\" data-element_type=\"section\" data-e-type=\"section\">\n\t\t\t\t\t\t<div class=\"elementor-container elementor-column-gap-default\">\n\t\t\t\t\t<div class=\"elementor-column elementor-col-100 elementor-top-column elementor-element elementor-element-15841aa\" data-id=\"15841aa\" data-element_type=\"column\" data-e-type=\"column\">\n\t\t\t<div class=\"elementor-widget-wrap elementor-element-populated\">\n\t\t\t\t\t\t<div class=\"elementor-element elementor-element-afdef01 elementor-widget elementor-widget-spacer\" data-id=\"afdef01\" data-element_type=\"widget\" data-e-type=\"widget\" data-widget_type=\"spacer.default\">\n\t\t\t\t\t\t\t<div class=\"elementor-spacer\">\n\t\t\t<div class=\"elementor-spacer-inner\"><\/div>\n\t\t<\/div>\n\t\t\t\t\t\t<\/div>\n\t\t\t\t<div class=\"elementor-element elementor-element-960bbf6 elementor-widget elementor-widget-vehica_map_general_widget\" data-id=\"960bbf6\" data-element_type=\"widget\" data-e-type=\"widget\" data-settings=\"{&quot;height_tablet&quot;:{&quot;unit&quot;:&quot;px&quot;,&quot;size&quot;:400,&quot;sizes&quot;:[]},&quot;height&quot;:{&quot;unit&quot;:&quot;px&quot;,&quot;size&quot;:640,&quot;sizes&quot;:[]},&quot;height_mobile&quot;:{&quot;unit&quot;:&quot;px&quot;,&quot;size&quot;:&quot;&quot;,&quot;sizes&quot;:[]},&quot;map_border_radius&quot;:{&quot;unit&quot;:&quot;px&quot;,&quot;top&quot;:&quot;&quot;,&quot;right&quot;:&quot;&quot;,&quot;bottom&quot;:&quot;&quot;,&quot;left&quot;:&quot;&quot;,&quot;isLinked&quot;:true},&quot;map_border_radius_tablet&quot;:{&quot;unit&quot;:&quot;px&quot;,&quot;top&quot;:&quot;&quot;,&quot;right&quot;:&quot;&quot;,&quot;bottom&quot;:&quot;&quot;,&quot;left&quot;:&quot;&quot;,&quot;isLinked&quot;:true},&quot;map_border_radius_mobile&quot;:{&quot;unit&quot;:&quot;px&quot;,&quot;top&quot;:&quot;&quot;,&quot;right&quot;:&quot;&quot;,&quot;bottom&quot;:&quot;&quot;,&quot;left&quot;:&quot;&quot;,&quot;isLinked&quot;:true}}\" data-widget_type=\"vehica_map_general_widget.default\">\n\t\t\t\t<div class=\"elementor-widget-container\">\n\t\t\t\t\t    <div class=\"vehica-map__no-api-key\">\n        <div class=\"vehica-map__no-api-key__inner\">\n            <div class=\"vehica-map__no-api-key__icon\">\n                <i class=\"fas fa-map-marked-alt\"><\/i>\n            <\/div>\n            <h3>You must add Google Maps API Key to display map<\/h3>\n            <p>You can do it in the \/wp-admin\/ &gt; Vehica Panel &gt; Google Maps<\/p>\n        <\/div>\n    <\/div>\n    \t\t\t\t<\/div>\n\t\t\t\t<\/div>\n\t\t\t\t<div class=\"elementor-element elementor-element-fd71c0b elementor-widget elementor-widget-spacer\" data-id=\"fd71c0b\" data-element_type=\"widget\" data-e-type=\"widget\" data-widget_type=\"spacer.default\">\n\t\t\t\t\t\t\t<div class=\"elementor-spacer\">\n\t\t\t<div class=\"elementor-spacer-inner\"><\/div>\n\t\t<\/div>\n\t\t\t\t\t\t<\/div>\n\t\t\t\t\t<\/div>\n\t\t<\/div>\n\t\t\t\t\t<\/div>\n\t\t<\/section>\n\t\t\t\t<\/div>","protected":false},"excerpt":{"rendered":"<p>Entre em contato conosco! A sua comunidade de simuladores! suporte.bsmods@gmail.com Siga-nos I accept the privacy policy Send You must add Google Maps API Key to display map You can do it in the \/wp-admin\/ &gt; Vehica Panel &gt; Google Maps<\/p>","protected":false},"author":1,"featured_media":0,"parent":0,"menu_order":0,"comment_status":"closed","ping_status":"closed","template":"","meta":{"_acf_changed":false,"footnotes":""},"class_list":["post-1525","page","type-page","status-publish","hentry"],"acf":[],"_links":{"self":[{"href":"https:\/\/brasilsimulatormods.com\/tr\/wp-json\/wp\/v2\/pages\/1525","targetHints":{"allow":["GET"]}}],"collection":[{"href":"https:\/\/brasilsimulatormods.com\/tr\/wp-json\/wp\/v2\/pages"}],"about":[{"href":"https:\/\/brasilsimulatormods.com\/tr\/wp-json\/wp\/v2\/types\/page"}],"author":[{"embeddable":true,"href":"https:\/\/brasilsimulatormods.com\/tr\/wp-json\/wp\/v2\/users\/1"}],"replies":[{"embeddable":true,"href":"https:\/\/brasilsimulatormods.com\/tr\/wp-json\/wp\/v2\/comments?post=1525"}],"version-history":[{"count":0,"href":"https:\/\/brasilsimulatormods.com\/tr\/wp-json\/wp\/v2\/pages\/1525\/revisions"}],"wp:attachment":[{"href":"https:\/\/brasilsimulatormods.com\/tr\/wp-json\/wp\/v2\/media?parent=1525"}],"curies":[{"name":"wp","href":"https:\/\/api.w.org\/{rel}","templated":true}]}}